{"id":72011,"date":"2024-05-27T14:31:21","date_gmt":"2024-05-27T12:31:21","guid":{"rendered":"https:\/\/gcmca.es\/gegenwaertig\/"},"modified":"2024-06-21T13:50:45","modified_gmt":"2024-06-21T11:50:45","slug":"gegenwaertig","status":"publish","type":"page","link":"https:\/\/gcmca.es\/de\/gegenwaertig\/","title":{"rendered":"Gegenw\u00e4rtig"},"content":{"rendered":"<p>[et_pb_section fb_built=&#8220;1&#8243; custom_padding_last_edited=&#8220;on|tablet&#8220; _builder_version=&#8220;4.25.1&#8243; _module_preset=&#8220;default&#8220; background_color=&#8220;rgba(0,0,0,0.3)&#8220; background_image=&#8220;http:\/\/gcmca.es\/wp-content\/uploads\/2024\/06\/Actualidad_Global_Consulting.jpg&#8220; background_blend=&#8220;multiply&#8220; custom_margin=&#8220;0px||0px||false|false&#8220; custom_padding=&#8220;275px|75px|70px|75px|false|false&#8220; custom_padding_tablet=&#8220;300px|40px|70px|40px|false|false&#8220; custom_padding_phone=&#8220;180px|20px||20px|false|false&#8220; animation_style=&#8220;fade&#8220; animation_speed_curve=&#8220;ease&#8220; locked=&#8220;off&#8220; global_colors_info=&#8220;{}&#8220;][et_pb_row _builder_version=&#8220;4.24.0&#8243; _module_preset=&#8220;default&#8220; width=&#8220;100%&#8220; max_width=&#8220;100%&#8220; custom_margin=&#8220;0px||0px||false|false&#8220; custom_padding=&#8220;0px||0px||false|false&#8220; global_colors_info=&#8220;{}&#8220;][et_pb_column type=&#8220;4_4&#8243; _builder_version=&#8220;4.24.0&#8243; _module_preset=&#8220;default&#8220; global_colors_info=&#8220;{}&#8220;][et_pb_text _builder_version=&#8220;4.25.1&#8243; _module_preset=&#8220;default&#8220; header_4_font=&#8220;Manrope|600||on|||||&#8220; header_4_text_align=&#8220;left&#8220; header_4_text_color=&#8220;#FFFFFF&#8220; header_4_font_size=&#8220;11px&#8220; header_4_letter_spacing=&#8220;7px&#8220; header_4_line_height=&#8220;1.2em&#8220; custom_margin=&#8220;0px||-3px||false|false&#8220; custom_padding=&#8220;0px||0px||false|false&#8220; animation_style=&#8220;slide&#8220; animation_direction=&#8220;bottom&#8220; animation_delay=&#8220;450ms&#8220; animation_speed_curve=&#8220;ease&#8220; global_colors_info=&#8220;{}&#8220;]<\/p>\n<h4>immer auf dem neuesten Stand<\/h4>\n<p>[\/et_pb_text][et_pb_text _builder_version=&#8220;4.25.1&#8243; _module_preset=&#8220;default&#8220; header_font=&#8220;Syne||||||||&#8220; header_text_align=&#8220;left&#8220; header_text_color=&#8220;#FFFFFF&#8220; header_font_size=&#8220;70px&#8220; header_line_height=&#8220;1.2em&#8220; custom_margin=&#8220;0px||12px||false|false&#8220; custom_padding=&#8220;0px||0px||false|false&#8220; animation_style=&#8220;slide&#8220; animation_direction=&#8220;bottom&#8220; animation_delay=&#8220;600ms&#8220; animation_intensity_slide=&#8220;10%&#8220; animation_speed_curve=&#8220;ease&#8220; header_font_size_tablet=&#8220;70px&#8220; header_font_size_phone=&#8220;36px&#8220; header_font_size_last_edited=&#8220;on|phone&#8220; global_colors_info=&#8220;{}&#8220;]<\/p>\n<h1>Gegenw\u00e4rtig<\/h1>\n<p>[\/et_pb_text][et_pb_button button_url=&#8220;#VerPost&#8220; button_text=&#8220;ALLE Beitr\u00e4ge ANZEIGEN&#8220; button_alignment=&#8220;left&#8220; _builder_version=&#8220;4.25.1&#8243; _module_preset=&#8220;default&#8220; custom_button=&#8220;on&#8220; button_text_size=&#8220;13px&#8220; button_text_color=&#8220;#FFFFFF&#8220; button_bg_color=&#8220;RGBA(255,255,255,0)&#8220; button_border_width=&#8220;1px&#8220; button_border_color=&#8220;#FFFFFF&#8220; button_border_radius=&#8220;0px&#8220; button_font=&#8220;Manrope|||on|||||&#8220; button_use_icon=&#8220;off&#8220; custom_margin=&#8220;0px||0px||false|false&#8220; custom_padding=&#8220;12px|65px|12px|65px|false|false&#8220; animation_style=&#8220;slide&#8220; animation_direction=&#8220;bottom&#8220; animation_delay=&#8220;700ms&#8220; animation_intensity_slide=&#8220;20%&#8220; animation_speed_curve=&#8220;ease&#8220; global_colors_info=&#8220;{}&#8220; button_text_color__hover_enabled=&#8220;on|hover&#8220; button_text_color__hover=&#8220;#14203b&#8220; button_bg_color__hover_enabled=&#8220;on|desktop&#8220; button_bg_color__hover=&#8220;#FFFFFF&#8220; button_bg_enable_color__hover=&#8220;on&#8220; button_letter_spacing__hover_enabled=&#8220;on|hover&#8220; button_letter_spacing__hover=&#8220;0px&#8220;][\/et_pb_button][\/et_pb_column][\/et_pb_row][\/et_pb_section][et_pb_section fb_built=&#8220;1&#8243; module_id=&#8220;VerPost&#8220; _builder_version=&#8220;4.25.1&#8243; _module_preset=&#8220;default&#8220; custom_padding=&#8220;80px||80px||true|false&#8220; global_colors_info=&#8220;{}&#8220;][et_pb_row custom_padding_last_edited=&#8220;on|tablet&#8220; _builder_version=&#8220;4.25.1&#8243; _module_preset=&#8220;default&#8220; width=&#8220;90%&#8220; max_width=&#8220;1300px&#8220; module_alignment=&#8220;center&#8220; custom_padding_tablet=&#8220;0px||0px|0px|false|false&#8220; custom_padding_phone=&#8220;0px||0px|0px|false|false&#8220; animation_style=&#8220;fade&#8220; animation_delay=&#8220;500ms&#8220; animation_speed_curve=&#8220;ease&#8220; custom_css_main_element=&#8220;display: flex;||align-items: center;&#8220; locked=&#8220;off&#8220; global_colors_info=&#8220;{}&#8220; custom_css_before_last_edited=&#8220;on|desktop&#8220; custom_css_before_tablet=&#8220;display: none;&#8220; custom_css_before_phone=&#8220;display: none;&#8220; custom_css_main_element_last_edited=&#8220;on|tablet&#8220; custom_css_main_element_phone=&#8220;display: inherit;||align-items: inherit;&#8220; custom_css_main_element_tablet=&#8220;display: inherit;||align-items: inherit;&#8220;][et_pb_column type=&#8220;4_4&#8243; _builder_version=&#8220;4.25.1&#8243; _module_preset=&#8220;default&#8220; global_colors_info=&#8220;{}&#8220;][et_pb_text _builder_version=&#8220;4.25.1&#8243; _module_preset=&#8220;default&#8220; header_4_font=&#8220;Manrope|600||on|||||&#8220; header_4_text_align=&#8220;left&#8220; header_4_text_color=&#8220;#800000&#8243; header_4_font_size=&#8220;11px&#8220; header_4_letter_spacing=&#8220;7px&#8220; header_4_line_height=&#8220;1.2em&#8220; custom_margin=&#8220;0px||10px||false|false&#8220; custom_padding=&#8220;0px||0px||false|false&#8220; header_4_text_align_tablet=&#8220;center&#8220; header_4_text_align_phone=&#8220;left&#8220; header_4_text_align_last_edited=&#8220;on|tablet&#8220; locked=&#8220;off&#8220; global_colors_info=&#8220;{}&#8220;]<\/p>\n<h4>NACHRICHT<\/h4>\n<p>[\/et_pb_text][et_pb_text _builder_version=&#8220;4.25.1&#8243; _module_preset=&#8220;default&#8220; header_2_font=&#8220;Syne||||||||&#8220; header_2_text_align=&#8220;left&#8220; header_2_text_color=&#8220;#14203b&#8220; header_2_font_size=&#8220;32px&#8220; header_2_line_height=&#8220;1.22em&#8220; module_alignment=&#8220;left&#8220; custom_margin=&#8220;0px||||false|false&#8220; custom_margin_tablet=&#8220;0px||45px||false|false&#8220; custom_margin_phone=&#8220;0px||30px||false|false&#8220; custom_margin_last_edited=&#8220;on|phone&#8220; custom_padding=&#8220;0px||0px||false|false&#8220; header_2_font_size_tablet=&#8220;43px&#8220; header_2_font_size_phone=&#8220;28px&#8220; header_2_font_size_last_edited=&#8220;on|phone&#8220; global_colors_info=&#8220;{}&#8220;]<\/p>\n<h2>Durch unsere kontinuierliche Fortbildung bleiben wir \u00fcber alle Neuigkeiten, \u00c4nderungen und Aktualisierungen in der Beratungsbranche auf dem Laufenden. Hier finden Sie eine Auswahl an Artikeln und Meinungen unseres Expertenteams.<\/h2>\n<p>[\/et_pb_text][\/et_pb_column][\/et_pb_row][et_pb_row _builder_version=&#8220;4.25.1&#8243; _module_preset=&#8220;default&#8220; width=&#8220;90%&#8220; width_tablet=&#8220;90%&#8220; width_phone=&#8220;80%&#8220; width_last_edited=&#8220;on|tablet&#8220; max_width=&#8220;1300px&#8220; global_colors_info=&#8220;{}&#8220; width__hover_enabled=&#8220;on|desktop&#8220; width__hover=&#8220;90%&#8220;][et_pb_column type=&#8220;4_4&#8243; _builder_version=&#8220;4.25.1&#8243; _module_preset=&#8220;default&#8220; global_colors_info=&#8220;{}&#8220;][et_pb_blog fullwidth=&#8220;off&#8220; include_categories=&#8220;,all&#8220; excerpt_length=&#8220;150&#8243; show_more=&#8220;on&#8220; show_author=&#8220;off&#8220; show_date=&#8220;off&#8220; show_categories=&#8220;off&#8220; _builder_version=&#8220;4.25.1&#8243; _module_preset=&#8220;default&#8220; header_font=&#8220;Syne|600|||||||&#8220; header_text_color=&#8220;#800000&#8243; header_font_size=&#8220;18px&#8220; header_line_height=&#8220;1.2em&#8220; body_font=&#8220;Manrope|300|||||||&#8220; body_font_size=&#8220;13px&#8220; body_line_height=&#8220;1.4em&#8220; read_more_font=&#8220;Syne|600||on|||||&#8220; custom_padding=&#8220;20px||||false|false&#8220; header_font_size_tablet=&#8220;18px&#8220; header_font_size_phone=&#8220;18px&#8220; header_font_size_last_edited=&#8220;on|desktop&#8220; global_colors_info=&#8220;{}&#8220; show_pagination=&#8220;off&#8220; use_overlay=&#8220;on&#8220; overlay_icon_color=&#8220;#800000&#8243; hover_overlay_color=&#8220;rgba(128,0,0,0.22)&#8220; hover_icon=&#8220;&#x4c;||divi||400&#8243; module_class=&#8220;ov-blog ov-blog entradas&#8220; meta_font=&#8220;|600|||||||&#8220; meta_text_color=&#8220;#800000&#8243; box_shadow_style=&#8220;preset1&#8243; box_shadow_vertical=&#8220;6px&#8220; box_shadow_blur=&#8220;22px&#8220; box_shadow_color=&#8220;rgba(64,64,64,0.16)&#8220; hover_enabled=&#8220;0&#8243; sticky_enabled=&#8220;0&#8243;][\/et_pb_blog][\/et_pb_column][\/et_pb_row][\/et_pb_section]<\/p>\n","protected":false},"excerpt":{"rendered":"<p>immer auf dem neuesten StandGegenw\u00e4rtigNACHRICHTDurch unsere kontinuierliche Fortbildung bleiben wir \u00fcber alle Neuigkeiten, \u00c4nderungen und Aktualisierungen in der Beratungsbranche auf dem Laufenden. Hier finden Sie eine Auswahl an Artikeln und Meinungen unseres Expertenteams.<\/p>\n","protected":false},"author":1,"featured_media":0,"parent":0,"menu_order":0,"comment_status":"closed","ping_status":"closed","template":"","meta":{"_et_pb_use_builder":"on","_et_pb_old_content":"","_et_gb_content_width":"","footnotes":""},"class_list":["post-72011","page","type-page","status-publish","hentry"],"yoast_head":"<!-- This site is optimized with the Yoast SEO plugin v27.1.1 - https:\/\/yoast.com\/product\/yoast-seo-wordpress\/ -->\n<title>Gegenw\u00e4rtig - Global Consulting<\/title>\n<meta name=\"robots\" content=\"index, follow, max-snippet:-1, max-image-preview:large, max-video-preview:-1\" \/>\n<link rel=\"canonical\" href=\"https:\/\/gcmca.es\/de\/gegenwaertig\/\" \/>\n<meta property=\"og:locale\" content=\"de_DE\" \/>\n<meta property=\"og:type\" content=\"article\" \/>\n<meta property=\"og:title\" content=\"Gegenw\u00e4rtig - Global Consulting\" \/>\n<meta property=\"og:description\" content=\"immer auf dem neuesten StandGegenw\u00e4rtigNACHRICHTDurch unsere kontinuierliche Fortbildung bleiben wir \u00fcber alle Neuigkeiten, \u00c4nderungen und Aktualisierungen in der Beratungsbranche auf dem Laufenden. Hier finden Sie eine Auswahl an Artikeln und Meinungen unseres Expertenteams.\" \/>\n<meta property=\"og:url\" content=\"https:\/\/gcmca.es\/de\/gegenwaertig\/\" \/>\n<meta property=\"og:site_name\" content=\"Global Consulting\" \/>\n<meta property=\"article:modified_time\" content=\"2024-06-21T11:50:45+00:00\" \/>\n<meta name=\"twitter:card\" content=\"summary_large_image\" \/>\n<meta name=\"twitter:label1\" content=\"Gesch\u00e4tzte Lesezeit\" \/>\n\t<meta name=\"twitter:data1\" content=\"5\u00a0Minuten\" \/>\n<script type=\"application\/ld+json\" class=\"yoast-schema-graph\">{\"@context\":\"https:\/\/schema.org\",\"@graph\":[{\"@type\":\"WebPage\",\"@id\":\"https:\/\/gcmca.es\/de\/gegenwaertig\/\",\"url\":\"https:\/\/gcmca.es\/de\/gegenwaertig\/\",\"name\":\"Gegenw\u00e4rtig - Global Consulting\",\"isPartOf\":{\"@id\":\"https:\/\/gcmca.es\/de\/#website\"},\"datePublished\":\"2024-05-27T12:31:21+00:00\",\"dateModified\":\"2024-06-21T11:50:45+00:00\",\"breadcrumb\":{\"@id\":\"https:\/\/gcmca.es\/de\/gegenwaertig\/#breadcrumb\"},\"inLanguage\":\"de\",\"potentialAction\":[{\"@type\":\"ReadAction\",\"target\":[\"https:\/\/gcmca.es\/de\/gegenwaertig\/\"]}]},{\"@type\":\"BreadcrumbList\",\"@id\":\"https:\/\/gcmca.es\/de\/gegenwaertig\/#breadcrumb\",\"itemListElement\":[{\"@type\":\"ListItem\",\"position\":1,\"name\":\"Portada\",\"item\":\"https:\/\/gcmca.es\/de\/\"},{\"@type\":\"ListItem\",\"position\":2,\"name\":\"Gegenw\u00e4rtig\"}]},{\"@type\":\"WebSite\",\"@id\":\"https:\/\/gcmca.es\/de\/#website\",\"url\":\"https:\/\/gcmca.es\/de\/\",\"name\":\"Global Consulting\",\"description\":\"Servicio de asesor\u00eda multidisciplinar\",\"potentialAction\":[{\"@type\":\"SearchAction\",\"target\":{\"@type\":\"EntryPoint\",\"urlTemplate\":\"https:\/\/gcmca.es\/de\/?s={search_term_string}\"},\"query-input\":{\"@type\":\"PropertyValueSpecification\",\"valueRequired\":true,\"valueName\":\"search_term_string\"}}],\"inLanguage\":\"de\"}]}<\/script>\n<!-- \/ Yoast SEO plugin. -->","yoast_head_json":{"title":"Gegenw\u00e4rtig - Global Consulting","robots":{"index":"index","follow":"follow","max-snippet":"max-snippet:-1","max-image-preview":"max-image-preview:large","max-video-preview":"max-video-preview:-1"},"canonical":"https:\/\/gcmca.es\/de\/gegenwaertig\/","og_locale":"de_DE","og_type":"article","og_title":"Gegenw\u00e4rtig - Global Consulting","og_description":"immer auf dem neuesten StandGegenw\u00e4rtigNACHRICHTDurch unsere kontinuierliche Fortbildung bleiben wir \u00fcber alle Neuigkeiten, \u00c4nderungen und Aktualisierungen in der Beratungsbranche auf dem Laufenden. Hier finden Sie eine Auswahl an Artikeln und Meinungen unseres Expertenteams.","og_url":"https:\/\/gcmca.es\/de\/gegenwaertig\/","og_site_name":"Global Consulting","article_modified_time":"2024-06-21T11:50:45+00:00","twitter_card":"summary_large_image","twitter_misc":{"Gesch\u00e4tzte Lesezeit":"5\u00a0Minuten"},"schema":{"@context":"https:\/\/schema.org","@graph":[{"@type":"WebPage","@id":"https:\/\/gcmca.es\/de\/gegenwaertig\/","url":"https:\/\/gcmca.es\/de\/gegenwaertig\/","name":"Gegenw\u00e4rtig - Global Consulting","isPartOf":{"@id":"https:\/\/gcmca.es\/de\/#website"},"datePublished":"2024-05-27T12:31:21+00:00","dateModified":"2024-06-21T11:50:45+00:00","breadcrumb":{"@id":"https:\/\/gcmca.es\/de\/gegenwaertig\/#breadcrumb"},"inLanguage":"de","potentialAction":[{"@type":"ReadAction","target":["https:\/\/gcmca.es\/de\/gegenwaertig\/"]}]},{"@type":"BreadcrumbList","@id":"https:\/\/gcmca.es\/de\/gegenwaertig\/#breadcrumb","itemListElement":[{"@type":"ListItem","position":1,"name":"Portada","item":"https:\/\/gcmca.es\/de\/"},{"@type":"ListItem","position":2,"name":"Gegenw\u00e4rtig"}]},{"@type":"WebSite","@id":"https:\/\/gcmca.es\/de\/#website","url":"https:\/\/gcmca.es\/de\/","name":"Global Consulting","description":"Servicio de asesor\u00eda multidisciplinar","potentialAction":[{"@type":"SearchAction","target":{"@type":"EntryPoint","urlTemplate":"https:\/\/gcmca.es\/de\/?s={search_term_string}"},"query-input":{"@type":"PropertyValueSpecification","valueRequired":true,"valueName":"search_term_string"}}],"inLanguage":"de"}]}},"_links":{"self":[{"href":"https:\/\/gcmca.es\/de\/wp-json\/wp\/v2\/pages\/72011","targetHints":{"allow":["GET"]}}],"collection":[{"href":"https:\/\/gcmca.es\/de\/wp-json\/wp\/v2\/pages"}],"about":[{"href":"https:\/\/gcmca.es\/de\/wp-json\/wp\/v2\/types\/page"}],"author":[{"embeddable":true,"href":"https:\/\/gcmca.es\/de\/wp-json\/wp\/v2\/users\/1"}],"replies":[{"embeddable":true,"href":"https:\/\/gcmca.es\/de\/wp-json\/wp\/v2\/comments?post=72011"}],"version-history":[{"count":2,"href":"https:\/\/gcmca.es\/de\/wp-json\/wp\/v2\/pages\/72011\/revisions"}],"predecessor-version":[{"id":72013,"href":"https:\/\/gcmca.es\/de\/wp-json\/wp\/v2\/pages\/72011\/revisions\/72013"}],"wp:attachment":[{"href":"https:\/\/gcmca.es\/de\/wp-json\/wp\/v2\/media?parent=72011"}],"curies":[{"name":"wp","href":"https:\/\/api.w.org\/{rel}","templated":true}]}}