{"id":72017,"date":"2024-05-27T14:37:26","date_gmt":"2024-05-27T12:37:26","guid":{"rendered":"https:\/\/gcmca.es\/rechtliche-warnung\/"},"modified":"2024-07-08T13:17:52","modified_gmt":"2024-07-08T11:17:52","slug":"rechtliche-warnung","status":"publish","type":"page","link":"https:\/\/gcmca.es\/de\/rechtliche-warnung\/","title":{"rendered":"Rechtliche Warnung"},"content":{"rendered":"<p>[et_pb_section fb_built=&#8220;1&#8243; custom_padding_last_edited=&#8220;on|tablet&#8220; _builder_version=&#8220;4.25.1&#8243; _module_preset=&#8220;default&#8220; background_color=&#8220;rgba(0,0,0,0.3)&#8220; background_image=&#8220;http:\/\/gcmca.es\/wp-content\/uploads\/2024\/06\/daniel-frank-QP0topr6RYs-unsplash-1.jpg&#8220; background_blend=&#8220;multiply&#8220; custom_margin=&#8220;0px||0px||false|false&#8220; custom_padding=&#8220;275px|75px|70px|75px|false|false&#8220; custom_padding_tablet=&#8220;300px|40px|70px|40px|false|false&#8220; custom_padding_phone=&#8220;180px|20px||20px|false|false&#8220; animation_style=&#8220;fade&#8220; animation_speed_curve=&#8220;ease&#8220; locked=&#8220;off&#8220; global_colors_info=&#8220;{}&#8220;][et_pb_row _builder_version=&#8220;4.24.0&#8243; _module_preset=&#8220;default&#8220; width=&#8220;100%&#8220; max_width=&#8220;100%&#8220; custom_margin=&#8220;0px||0px||false|false&#8220; custom_padding=&#8220;0px||0px||false|false&#8220; global_colors_info=&#8220;{}&#8220;][et_pb_column type=&#8220;4_4&#8243; _builder_version=&#8220;4.24.0&#8243; _module_preset=&#8220;default&#8220; global_colors_info=&#8220;{}&#8220;][et_pb_text _builder_version=&#8220;4.25.1&#8243; _module_preset=&#8220;default&#8220; header_4_font=&#8220;Manrope|600||on|||||&#8220; header_4_text_align=&#8220;left&#8220; header_4_text_color=&#8220;#FFFFFF&#8220; header_4_font_size=&#8220;11px&#8220; header_4_letter_spacing=&#8220;7px&#8220; header_4_line_height=&#8220;1.2em&#8220; custom_margin=&#8220;0px||-3px||false|false&#8220; custom_padding=&#8220;0px||0px||false|false&#8220; animation_style=&#8220;slide&#8220; animation_direction=&#8220;bottom&#8220; animation_delay=&#8220;450ms&#8220; animation_speed_curve=&#8220;ease&#8220; global_colors_info=&#8220;{}&#8220;]<\/p>\n<h4>RECHTLICH<\/h4>\n<p>[\/et_pb_text][et_pb_text _builder_version=&#8220;4.25.1&#8243; _module_preset=&#8220;default&#8220; header_font=&#8220;Syne||||||||&#8220; header_text_align=&#8220;left&#8220; header_text_color=&#8220;#FFFFFF&#8220; header_font_size=&#8220;70px&#8220; header_line_height=&#8220;1.2em&#8220; custom_margin=&#8220;0px||12px||false|false&#8220; custom_padding=&#8220;0px||0px||false|false&#8220; animation_style=&#8220;slide&#8220; animation_direction=&#8220;bottom&#8220; animation_delay=&#8220;600ms&#8220; animation_intensity_slide=&#8220;10%&#8220; animation_speed_curve=&#8220;ease&#8220; header_font_size_tablet=&#8220;70px&#8220; header_font_size_phone=&#8220;36px&#8220; header_font_size_last_edited=&#8220;on|phone&#8220; global_colors_info=&#8220;{}&#8220;]<\/p>\n<h1>Rechtliche Warnung<\/h1>\n<p>[\/et_pb_text][\/et_pb_column][\/et_pb_row][\/et_pb_section][et_pb_section fb_built=&#8220;1&#8243; custom_padding_last_edited=&#8220;on|tablet&#8220; admin_label=&#8220;La Firma&#8220; module_id=&#8220;Unterschrift&#8220; _builder_version=&#8220;4.25.1&#8243; _module_preset=&#8220;default&#8220; background_enable_image=&#8220;off&#8220; background_position=&#8220;top_left&#8220; custom_margin=&#8220;0px||0px||false|false&#8220; custom_padding_tablet=&#8220;120px||120px||false|false&#8220; custom_padding_phone=&#8220;80px||80px||false|false&#8220; locked=&#8220;off&#8220; collapsed=&#8220;on&#8220; global_colors_info=&#8220;{}&#8220;][et_pb_row custom_padding_last_edited=&#8220;on|tablet&#8220; _builder_version=&#8220;4.25.1&#8243; _module_preset=&#8220;default&#8220; width=&#8220;90%&#8220; max_width=&#8220;1300px&#8220; module_alignment=&#8220;center&#8220; custom_padding_tablet=&#8220;0px||0px|0px|false|false&#8220; custom_padding_phone=&#8220;0px||0px|0px|false|false&#8220; animation_style=&#8220;fade&#8220; animation_delay=&#8220;500ms&#8220; animation_speed_curve=&#8220;ease&#8220; custom_css_main_element=&#8220;display: flex;||align-items: center;&#8220; global_colors_info=&#8220;{}&#8220; custom_css_before_last_edited=&#8220;on|desktop&#8220; custom_css_before_tablet=&#8220;display: none;&#8220; custom_css_before_phone=&#8220;display: none;&#8220; custom_css_main_element_last_edited=&#8220;on|tablet&#8220; custom_css_main_element_phone=&#8220;display: inherit;||align-items: inherit;&#8220; custom_css_main_element_tablet=&#8220;display: inherit;||align-items: inherit;&#8220;][et_pb_column type=&#8220;4_4&#8243; _builder_version=&#8220;4.25.1&#8243; _module_preset=&#8220;default&#8220; global_colors_info=&#8220;{}&#8220;][et_pb_text _builder_version=&#8220;4.25.2&#8243; _module_preset=&#8220;default&#8220; text_font=&#8220;Manrope|300|||||||&#8220; text_font_size=&#8220;16px&#8220; text_line_height=&#8220;1.6em&#8220; hover_enabled=&#8220;0&#8243; global_colors_info=&#8220;{}&#8220; sticky_enabled=&#8220;0&#8243;]<\/p>\n<div id=\"vYyh78abvDj8UVDw\">\n<div id=\"ExsuILc5HYHHugiA\">\n<div id=\"yPQqp3mj45DFIlbH\">\n<h3><strong>Einf\u00fchrung<\/strong><\/h3>\n<p>In \u00dcbereinstimmung mit dem Gesetz 34\/2002 vom 11. Juli \u00fcber Dienstleistungen der Informationsgesellschaft und des elektronischen Gesch\u00e4ftsverkehrs (LSSI-CE) informiert PRATS CONSULTING SL, dass es Eigent\u00fcmer dieser Website ist. Gem\u00e4\u00df Artikel 10 des genannten Gesetzes stellt PRATS CONSULTING SL die folgenden Daten zur Verf\u00fcgung:<\/p>\n<p><strong>Rechtlicher Vertreter:<\/strong> PRATS CONSULTING SL<br \/><strong>NIF:<\/strong> B57274409<br \/><strong>Dom\u00e4ne:<\/strong> <a href=\"http:\/\/www.gcmca.es\" target=\"_new\" rel=\"noreferrer noopener\">WWW.GCMCA.ES<\/a><br \/><strong>E-Mail:<\/strong> <a rel=\"noreferrer\">info@gcmca.es<\/a><br \/><strong>Postanschrift:<\/strong> VIA PUIG DES CASTELLET 1, BLQ 6 LOCAL 1, 07180 SANTA PON\u00c7A (ILLES BALEARS)<br \/><strong>Telefon:<\/strong> <a rel=\"noreferrer\">+34 971 694 044<\/a><br \/><strong>Registrierungsnummer\/Daten<\/strong><\/p>\n<h3>Benutzer und Verantwortlichkeiten<\/h3>\n<p>Das Surfen, der Zugriff und die Nutzung der Website von PRATS CONSULTING SL verleihen den Status eines Benutzers.<\/p>\n<p>Die Website von PRATS CONSULTING SL bietet eine Vielzahl von Informationen, Dienstleistungen und Daten. Der Benutzer \u00fcbernimmt die Verantwortung f\u00fcr die korrekte Nutzung der Website. Diese Verantwortung erstreckt sich auf:<\/p>\n<ul>\n<li>Die Richtigkeit und Rechtm\u00e4\u00dfigkeit der Informationen, die der Benutzer in den von PRATS CONSULTING SL ausgestellten Formularen zur Verf\u00fcgung stellt, um auf bestimmte Inhalte oder Dienstleistungen der Website zuzugreifen.<\/li>\n<li>Die Nutzung der Informationen, Dienstleistungen und Daten, die von PRATS CONSULTING SL im Widerspruch zu diesen Bedingungen, dem Gesetz, der Moral, den guten Sitten oder der \u00f6ffentlichen Ordnung angeboten werden, oder auf jede andere Weise, die die Rechte Dritter oder den Betrieb der Website beeintr\u00e4chtigen k\u00f6nnte.<\/li>\n<\/ul>\n<h3>Verlinkungspolitik und Haftungsausschl\u00fcsse<\/h3>\n<p>PRATS CONSULTING SL ist nicht verantwortlich f\u00fcr die Inhalte von Websites, auf die Benutzer \u00fcber die auf ihrer Website eingerichteten Links zugreifen k\u00f6nnen, solange sie keine tats\u00e4chliche Kenntnis davon haben, dass die verlinkte T\u00e4tigkeit oder Information rechtswidrig ist oder das Eigentum oder die Rechte eines Dritten, der entsch\u00e4digungspflichtig ist, verletzt, oder wenn sie diese Kenntnis haben, umgehend handelt, um den entsprechenden Link zu entfernen oder zu deaktivieren.<\/p>\n<p>Es wird davon ausgegangen, dass PRATS CONSULTING SL tats\u00e4chliche Kenntnis hat, wenn ein zust\u00e4ndiges Gremium die Daten als rechtswidrig erkl\u00e4rt, deren Entfernung oder den Zugang zu ihnen unm\u00f6glich gemacht oder das Vorliegen des Schadens festgestellt hat und PRATS CONSULTING SL die entsprechende Entscheidung bekannt war, unbeschadet der von PRATS CONSULTING SL im Rahmen freiwilliger Vereinbarungen und anderer Mittel zur Kenntniserlangung angewendeten Verfahren zur Erkennung und Entfernung von Inhalten.<\/p>\n<p>PRATS CONSULTING SL erkl\u00e4rt, alle notwendigen Ma\u00dfnahmen getroffen zu haben, um Sch\u00e4den an den Benutzern ihrer Website zu vermeiden, die sich aus dem Surfen auf ihrer Website ergeben k\u00f6nnten. Folglich ist PRATS CONSULTING SL in keinem Fall verantwortlich f\u00fcr Sch\u00e4den, die der Benutzer durch das Surfen im Internet erleiden k\u00f6nnte. Ebenso garantiert sie nicht die technische Verf\u00fcgbarkeit, Genauigkeit, Wahrhaftigkeit, G\u00fcltigkeit oder Rechtm\u00e4\u00dfigkeit von nicht eigenen Websites, auf die \u00fcber Links zugegriffen werden kann.<\/p>\n<h3>\u00c4nderungen<\/h3>\n<p>PRATS CONSULTING SL beh\u00e4lt sich das Recht vor, ohne vorherige Ank\u00fcndigung \u00c4nderungen an den Inhalten ihrer Website vorzunehmen, die sie f\u00fcr angemessen h\u00e4lt. Sowohl in Bezug auf die Inhalte der Website als auch auf die Nutzungsbedingungen oder die allgemeinen Vertragsbedingungen. Die in diesem Abschnitt genannten \u00c4nderungen betreffen keine Vertr\u00e4ge, die vor dem Datum der Ver\u00f6ffentlichung derselben geschlossen wurden.<\/p>\n<p>Solche \u00c4nderungen k\u00f6nnen \u00fcber die Website auf jede rechtlich zul\u00e4ssige Weise vorgenommen werden und sind bindend, solange sie auf der Website ver\u00f6ffentlicht sind und bis sie durch nachfolgende \u00c4nderungen g\u00fcltig ge\u00e4ndert werden.<\/p>\n<h3>Preisangaben<\/h3>\n<p>Wenn Preise f\u00fcr Produkte und\/oder Dienstleistungen angezeigt werden, sind die auf dem Bildschirm angegebenen Preise jederzeit g\u00fcltig. Die Preise werden in Euro angegeben und beinhalten die Mehrwertsteuer (MwSt.). Wenn die MwSt. nicht im Preis enthalten ist, wird dies ausdr\u00fccklich angegeben und der Benutzer kann den vollst\u00e4ndigen Endpreis einsehen.<\/p>\n<p>Ebenso wird, falls eine andere Steuer anwendbar ist, diese angegeben, einschlie\u00dflich gegebenenfalls der H\u00f6he der Aufschl\u00e4ge oder Rabatte, die auf das Angebot anwendbar sind, sowie der zus\u00e4tzlichen Kosten, die dem Verbraucher oder Benutzer in Rechnung gestellt werden k\u00f6nnen.<\/p>\n<h3>Geistiges und gewerbliches Eigentum<\/h3>\n<p>PRATS CONSULTING SL selbst oder als Rechtsnachfolger ist Inhaber aller geistigen und gewerblichen Eigentumsrechte ihrer Website sowie der darin enthaltenen Elemente (beispielsweise Bilder, Ton, Audio, Video, Software oder Texte; Marken oder Logos, Farbzusammenstellungen, Struktur und Design, Auswahl der verwendeten Materialien, notwendige Computerprogramme f\u00fcr deren Betrieb, Zugang und Nutzung usw.), die PRATS CONSULTING SL geh\u00f6ren. Daher werden sie als geistiges Eigentum durch das spanische Rechtssystem gesch\u00fctzt, wobei sowohl die spanischen und EU-Vorschriften in diesem Bereich als auch die von Spanien unterzeichneten internationalen Vertr\u00e4ge gelten.<\/p>\n<p>Alle Rechte vorbehalten. Gem\u00e4\u00df den Bestimmungen des Urheberrechtsgesetzes sind die Vervielf\u00e4ltigung, Verbreitung und \u00f6ffentliche Wiedergabe, einschlie\u00dflich der Art der Bereitstellung, des gesamten oder eines Teils der Inhalte dieser Webseite zu kommerziellen Zwecken, auf jedem Medium und mit jedem technischen Mittel, ohne die Genehmigung von PRATS CONSULTING SL ausdr\u00fccklich untersagt.<\/p>\n<p>Der Benutzer verpflichtet sich, die geistigen und gewerblichen Eigentumsrechte von PRATS CONSULTING SL zu respektieren. Sie k\u00f6nnen die Elemente des Portals anzeigen und sogar ausdrucken, kopieren und auf der Festplatte Ihres Computers oder auf einem anderen physischen Medium speichern, solange dies ausschlie\u00dflich und ausschlie\u00dflich f\u00fcr Ihren pers\u00f6nlichen und privaten Gebrauch geschieht. Der Benutzer muss davon absehen, Schutzvorrichtungen oder Sicherheitssysteme, die auf den Seiten von PRATS CONSULTING SL installiert sind, zu l\u00f6schen, zu \u00e4ndern, zu umgehen oder zu manipulieren.<\/p>\n<h3>Rechtliche Schritte, anwendbares Recht und Gerichtsstand<\/h3>\n<p>Wenn der Benutzer eine Beschwerde einreichen m\u00f6chte, sollte er sich an <a rel=\"noreferrer\">info@gcmca.es<\/a> wenden. PRATS CONSULTING SL hat zudem offizielle Beschwerdeformulare f\u00fcr Verbraucher und Benutzer zur Verf\u00fcgung.<\/p>\n<p>PRATS CONSULTING SL beh\u00e4lt sich das Recht vor, zivil- oder strafrechtliche Schritte zu unternehmen, die sie f\u00fcr den Missbrauch ihrer Website und Inhalte oder f\u00fcr die Verletzung dieser Bedingungen f\u00fcr angemessen h\u00e4lt.<\/p>\n<p>Die Beziehung zwischen dem Benutzer und dem Anbieter wird durch die geltenden Vorschriften und im spanischen Hoheitsgebiet anwendbar geregelt. Sollten Streitigkeiten entstehen, k\u00f6nnen die Parteien ihre Konflikte der Schlichtung unterwerfen oder die ordentliche Gerichtsbarkeit in \u00dcbereinstimmung mit den Regeln \u00fcber Zust\u00e4ndigkeit und Kompetenz in diesem Bereich anrufen. PRATS CONSULTING SL hat seinen Sitz auf ILLES BALEARS, Spanien.<\/p>\n<p><strong>Letzte Aktualisierung<\/strong>: 27. September 2023<\/p>\n<\/div>\n<\/div>\n<\/div>\n<p>[\/et_pb_text][et_pb_button button_url=&#8220;https:\/\/gcmca.es\/de\/&#8220; button_text=&#8220;NACH HAUSE ZUR\u00dcCKKEHREN&#8220; button_alignment=&#8220;left&#8220; _builder_version=&#8220;4.25.1&#8243; _module_preset=&#8220;default&#8220; custom_button=&#8220;on&#8220; button_text_size=&#8220;14px&#8220; button_text_color=&#8220;#800000&#8243; button_bg_color=&#8220;RGBA(255,255,255,0)&#8220; button_border_width=&#8220;1px&#8220; button_border_color=&#8220;#800000&#8243; button_border_radius=&#8220;0px&#8220; button_font=&#8220;Syne|600||on|||||&#8220; button_use_icon=&#8220;off&#8220; custom_margin=&#8220;0px||0px||false|false&#8220; custom_padding=&#8220;12px|45px|12px|45px|false|true&#8220; animation_style=&#8220;fade&#8220; animation_direction=&#8220;bottom&#8220; animation_duration=&#8220;500ms&#8220; animation_delay=&#8220;1000ms&#8220; animation_speed_curve=&#8220;ease&#8220; global_colors_info=&#8220;{}&#8220; button_text_color__hover_enabled=&#8220;on|hover&#8220; button_text_color__hover=&#8220;#FFFFFF&#8220; button_bg_color__hover_enabled=&#8220;on|desktop&#8220; button_bg_color__hover=&#8220;#800000&#8243; button_bg_enable_color__hover=&#8220;on&#8220; button_letter_spacing__hover_enabled=&#8220;on|hover&#8220; button_letter_spacing__hover=&#8220;0px&#8220; button_border_color__hover_enabled=&#8220;on|hover&#8220; button_border_color__hover=&#8220;#800000&#8243;][\/et_pb_button][\/et_pb_column][\/et_pb_row][\/et_pb_section]<\/p>\n","protected":false},"excerpt":{"rendered":"<p>RECHTLICHRechtliche Warnung Einf\u00fchrung In \u00dcbereinstimmung mit dem Gesetz 34\/2002 vom 11. Juli \u00fcber Dienstleistungen der Informationsgesellschaft und des elektronischen Gesch\u00e4ftsverkehrs (LSSI-CE) informiert PRATS CONSULTING SL, dass es Eigent\u00fcmer dieser Website ist. Gem\u00e4\u00df Artikel 10 des genannten Gesetzes stellt PRATS CONSULTING SL die folgenden Daten zur Verf\u00fcgung: Rechtlicher Vertreter: PRATS CONSULTING SLNIF: B57274409Dom\u00e4ne: WWW.GCMCA.ESE-Mail: info@gcmca.esPostanschrift: VIA [&hellip;]<\/p>\n","protected":false},"author":1,"featured_media":0,"parent":0,"menu_order":0,"comment_status":"closed","ping_status":"closed","template":"","meta":{"_et_pb_use_builder":"on","_et_pb_old_content":"","_et_gb_content_width":"","footnotes":""},"class_list":["post-72017","page","type-page","status-publish","hentry"],"yoast_head":"<!-- This site is optimized with the Yoast SEO plugin v27.1.1 - https:\/\/yoast.com\/product\/yoast-seo-wordpress\/ -->\n<title>Rechtliche Warnung - Global Consulting<\/title>\n<meta name=\"robots\" content=\"index, follow, max-snippet:-1, max-image-preview:large, max-video-preview:-1\" \/>\n<link rel=\"canonical\" href=\"https:\/\/gcmca.es\/de\/rechtliche-warnung\/\" \/>\n<meta property=\"og:locale\" content=\"de_DE\" \/>\n<meta property=\"og:type\" content=\"article\" \/>\n<meta property=\"og:title\" content=\"Rechtliche Warnung - Global Consulting\" \/>\n<meta property=\"og:description\" content=\"RECHTLICHRechtliche Warnung Einf\u00fchrung In \u00dcbereinstimmung mit dem Gesetz 34\/2002 vom 11. Juli \u00fcber Dienstleistungen der Informationsgesellschaft und des elektronischen Gesch\u00e4ftsverkehrs (LSSI-CE) informiert PRATS CONSULTING SL, dass es Eigent\u00fcmer dieser Website ist. Gem\u00e4\u00df Artikel 10 des genannten Gesetzes stellt PRATS CONSULTING SL die folgenden Daten zur Verf\u00fcgung: Rechtlicher Vertreter: PRATS CONSULTING SLNIF: B57274409Dom\u00e4ne: WWW.GCMCA.ESE-Mail: info@gcmca.esPostanschrift: VIA [&hellip;]\" \/>\n<meta property=\"og:url\" content=\"https:\/\/gcmca.es\/de\/rechtliche-warnung\/\" \/>\n<meta property=\"og:site_name\" content=\"Global Consulting\" \/>\n<meta property=\"article:modified_time\" content=\"2024-07-08T11:17:52+00:00\" \/>\n<meta name=\"twitter:card\" content=\"summary_large_image\" \/>\n<meta name=\"twitter:label1\" content=\"Gesch\u00e4tzte Lesezeit\" \/>\n\t<meta name=\"twitter:data1\" content=\"8\u00a0Minuten\" \/>\n<script type=\"application\/ld+json\" class=\"yoast-schema-graph\">{\"@context\":\"https:\/\/schema.org\",\"@graph\":[{\"@type\":\"WebPage\",\"@id\":\"https:\/\/gcmca.es\/de\/rechtliche-warnung\/\",\"url\":\"https:\/\/gcmca.es\/de\/rechtliche-warnung\/\",\"name\":\"Rechtliche Warnung - Global Consulting\",\"isPartOf\":{\"@id\":\"https:\/\/gcmca.es\/de\/#website\"},\"datePublished\":\"2024-05-27T12:37:26+00:00\",\"dateModified\":\"2024-07-08T11:17:52+00:00\",\"breadcrumb\":{\"@id\":\"https:\/\/gcmca.es\/de\/rechtliche-warnung\/#breadcrumb\"},\"inLanguage\":\"de\",\"potentialAction\":[{\"@type\":\"ReadAction\",\"target\":[\"https:\/\/gcmca.es\/de\/rechtliche-warnung\/\"]}]},{\"@type\":\"BreadcrumbList\",\"@id\":\"https:\/\/gcmca.es\/de\/rechtliche-warnung\/#breadcrumb\",\"itemListElement\":[{\"@type\":\"ListItem\",\"position\":1,\"name\":\"Portada\",\"item\":\"https:\/\/gcmca.es\/de\/\"},{\"@type\":\"ListItem\",\"position\":2,\"name\":\"Rechtliche Warnung\"}]},{\"@type\":\"WebSite\",\"@id\":\"https:\/\/gcmca.es\/de\/#website\",\"url\":\"https:\/\/gcmca.es\/de\/\",\"name\":\"Global Consulting\",\"description\":\"Servicio de asesor\u00eda multidisciplinar\",\"potentialAction\":[{\"@type\":\"SearchAction\",\"target\":{\"@type\":\"EntryPoint\",\"urlTemplate\":\"https:\/\/gcmca.es\/de\/?s={search_term_string}\"},\"query-input\":{\"@type\":\"PropertyValueSpecification\",\"valueRequired\":true,\"valueName\":\"search_term_string\"}}],\"inLanguage\":\"de\"}]}<\/script>\n<!-- \/ Yoast SEO plugin. -->","yoast_head_json":{"title":"Rechtliche Warnung - Global Consulting","robots":{"index":"index","follow":"follow","max-snippet":"max-snippet:-1","max-image-preview":"max-image-preview:large","max-video-preview":"max-video-preview:-1"},"canonical":"https:\/\/gcmca.es\/de\/rechtliche-warnung\/","og_locale":"de_DE","og_type":"article","og_title":"Rechtliche Warnung - Global Consulting","og_description":"RECHTLICHRechtliche Warnung Einf\u00fchrung In \u00dcbereinstimmung mit dem Gesetz 34\/2002 vom 11. Juli \u00fcber Dienstleistungen der Informationsgesellschaft und des elektronischen Gesch\u00e4ftsverkehrs (LSSI-CE) informiert PRATS CONSULTING SL, dass es Eigent\u00fcmer dieser Website ist. Gem\u00e4\u00df Artikel 10 des genannten Gesetzes stellt PRATS CONSULTING SL die folgenden Daten zur Verf\u00fcgung: Rechtlicher Vertreter: PRATS CONSULTING SLNIF: B57274409Dom\u00e4ne: WWW.GCMCA.ESE-Mail: info@gcmca.esPostanschrift: VIA [&hellip;]","og_url":"https:\/\/gcmca.es\/de\/rechtliche-warnung\/","og_site_name":"Global Consulting","article_modified_time":"2024-07-08T11:17:52+00:00","twitter_card":"summary_large_image","twitter_misc":{"Gesch\u00e4tzte Lesezeit":"8\u00a0Minuten"},"schema":{"@context":"https:\/\/schema.org","@graph":[{"@type":"WebPage","@id":"https:\/\/gcmca.es\/de\/rechtliche-warnung\/","url":"https:\/\/gcmca.es\/de\/rechtliche-warnung\/","name":"Rechtliche Warnung - Global Consulting","isPartOf":{"@id":"https:\/\/gcmca.es\/de\/#website"},"datePublished":"2024-05-27T12:37:26+00:00","dateModified":"2024-07-08T11:17:52+00:00","breadcrumb":{"@id":"https:\/\/gcmca.es\/de\/rechtliche-warnung\/#breadcrumb"},"inLanguage":"de","potentialAction":[{"@type":"ReadAction","target":["https:\/\/gcmca.es\/de\/rechtliche-warnung\/"]}]},{"@type":"BreadcrumbList","@id":"https:\/\/gcmca.es\/de\/rechtliche-warnung\/#breadcrumb","itemListElement":[{"@type":"ListItem","position":1,"name":"Portada","item":"https:\/\/gcmca.es\/de\/"},{"@type":"ListItem","position":2,"name":"Rechtliche Warnung"}]},{"@type":"WebSite","@id":"https:\/\/gcmca.es\/de\/#website","url":"https:\/\/gcmca.es\/de\/","name":"Global Consulting","description":"Servicio de asesor\u00eda multidisciplinar","potentialAction":[{"@type":"SearchAction","target":{"@type":"EntryPoint","urlTemplate":"https:\/\/gcmca.es\/de\/?s={search_term_string}"},"query-input":{"@type":"PropertyValueSpecification","valueRequired":true,"valueName":"search_term_string"}}],"inLanguage":"de"}]}},"_links":{"self":[{"href":"https:\/\/gcmca.es\/de\/wp-json\/wp\/v2\/pages\/72017","targetHints":{"allow":["GET"]}}],"collection":[{"href":"https:\/\/gcmca.es\/de\/wp-json\/wp\/v2\/pages"}],"about":[{"href":"https:\/\/gcmca.es\/de\/wp-json\/wp\/v2\/types\/page"}],"author":[{"embeddable":true,"href":"https:\/\/gcmca.es\/de\/wp-json\/wp\/v2\/users\/1"}],"replies":[{"embeddable":true,"href":"https:\/\/gcmca.es\/de\/wp-json\/wp\/v2\/comments?post=72017"}],"version-history":[{"count":3,"href":"https:\/\/gcmca.es\/de\/wp-json\/wp\/v2\/pages\/72017\/revisions"}],"predecessor-version":[{"id":72094,"href":"https:\/\/gcmca.es\/de\/wp-json\/wp\/v2\/pages\/72017\/revisions\/72094"}],"wp:attachment":[{"href":"https:\/\/gcmca.es\/de\/wp-json\/wp\/v2\/media?parent=72017"}],"curies":[{"name":"wp","href":"https:\/\/api.w.org\/{rel}","templated":true}]}}