{"id":72044,"date":"2024-06-06T11:26:45","date_gmt":"2024-06-06T09:26:45","guid":{"rendered":"https:\/\/gcmca.es\/cookie-richtlinie\/"},"modified":"2024-07-08T13:22:13","modified_gmt":"2024-07-08T11:22:13","slug":"cookie-richtlinie","status":"publish","type":"page","link":"https:\/\/gcmca.es\/de\/cookie-richtlinie\/","title":{"rendered":"Cookie-Richtlinie"},"content":{"rendered":"<p>[et_pb_section fb_built=&#8220;1&#8243; custom_padding_last_edited=&#8220;on|tablet&#8220; _builder_version=&#8220;4.25.1&#8243; _module_preset=&#8220;default&#8220; background_color=&#8220;rgba(0,0,0,0.3)&#8220; background_image=&#8220;http:\/\/gcmca.es\/wp-content\/uploads\/2024\/06\/daniel-frank-QP0topr6RYs-unsplash-1.jpg&#8220; background_blend=&#8220;multiply&#8220; custom_margin=&#8220;0px||0px||false|false&#8220; custom_padding=&#8220;275px|75px|70px|75px|false|false&#8220; custom_padding_tablet=&#8220;300px|40px|70px|40px|false|false&#8220; custom_padding_phone=&#8220;180px|20px||20px|false|false&#8220; animation_style=&#8220;fade&#8220; animation_speed_curve=&#8220;ease&#8220; locked=&#8220;off&#8220; global_colors_info=&#8220;{}&#8220;][et_pb_row _builder_version=&#8220;4.24.0&#8243; _module_preset=&#8220;default&#8220; width=&#8220;100%&#8220; max_width=&#8220;100%&#8220; custom_margin=&#8220;0px||0px||false|false&#8220; custom_padding=&#8220;0px||0px||false|false&#8220; global_colors_info=&#8220;{}&#8220;][et_pb_column type=&#8220;4_4&#8243; _builder_version=&#8220;4.24.0&#8243; _module_preset=&#8220;default&#8220; global_colors_info=&#8220;{}&#8220;][et_pb_text _builder_version=&#8220;4.25.1&#8243; _module_preset=&#8220;default&#8220; header_4_font=&#8220;Manrope|600||on|||||&#8220; header_4_text_align=&#8220;left&#8220; header_4_text_color=&#8220;#FFFFFF&#8220; header_4_font_size=&#8220;11px&#8220; header_4_letter_spacing=&#8220;7px&#8220; header_4_line_height=&#8220;1.2em&#8220; custom_margin=&#8220;0px||-3px||false|false&#8220; custom_padding=&#8220;0px||0px||false|false&#8220; animation_style=&#8220;slide&#8220; animation_direction=&#8220;bottom&#8220; animation_delay=&#8220;450ms&#8220; animation_speed_curve=&#8220;ease&#8220; global_colors_info=&#8220;{}&#8220;]<\/p>\n<h4>RECHTLICH<\/h4>\n<p>[\/et_pb_text][et_pb_text _builder_version=&#8220;4.25.1&#8243; _module_preset=&#8220;default&#8220; header_font=&#8220;Syne||||||||&#8220; header_text_align=&#8220;left&#8220; header_text_color=&#8220;#FFFFFF&#8220; header_font_size=&#8220;70px&#8220; header_line_height=&#8220;1.2em&#8220; custom_margin=&#8220;0px||12px||false|false&#8220; custom_padding=&#8220;0px||0px||false|false&#8220; animation_style=&#8220;slide&#8220; animation_direction=&#8220;bottom&#8220; animation_delay=&#8220;600ms&#8220; animation_intensity_slide=&#8220;10%&#8220; animation_speed_curve=&#8220;ease&#8220; header_font_size_tablet=&#8220;70px&#8220; header_font_size_phone=&#8220;36px&#8220; header_font_size_last_edited=&#8220;on|phone&#8220; global_colors_info=&#8220;{}&#8220;]<\/p>\n<h1>Cookie-Richtlinie<\/h1>\n<p>[\/et_pb_text][\/et_pb_column][\/et_pb_row][\/et_pb_section][et_pb_section fb_built=&#8220;1&#8243; custom_padding_last_edited=&#8220;on|tablet&#8220; admin_label=&#8220;La Firma&#8220; module_id=&#8220;Unterschrift&#8220; _builder_version=&#8220;4.25.1&#8243; _module_preset=&#8220;default&#8220; background_enable_image=&#8220;off&#8220; background_position=&#8220;top_left&#8220; custom_margin=&#8220;0px||0px||false|false&#8220; custom_padding_tablet=&#8220;120px||120px||false|false&#8220; custom_padding_phone=&#8220;80px||80px||false|false&#8220; locked=&#8220;off&#8220; collapsed=&#8220;on&#8220; global_colors_info=&#8220;{}&#8220;][et_pb_row custom_padding_last_edited=&#8220;on|tablet&#8220; _builder_version=&#8220;4.25.1&#8243; _module_preset=&#8220;default&#8220; width=&#8220;90%&#8220; max_width=&#8220;1300px&#8220; module_alignment=&#8220;center&#8220; custom_padding_tablet=&#8220;0px||0px|0px|false|false&#8220; custom_padding_phone=&#8220;0px||0px|0px|false|false&#8220; animation_style=&#8220;fade&#8220; animation_delay=&#8220;500ms&#8220; animation_speed_curve=&#8220;ease&#8220; custom_css_main_element=&#8220;display: flex;||align-items: center;&#8220; global_colors_info=&#8220;{}&#8220; custom_css_before_last_edited=&#8220;on|desktop&#8220; custom_css_before_tablet=&#8220;display: none;&#8220; custom_css_before_phone=&#8220;display: none;&#8220; custom_css_main_element_last_edited=&#8220;on|tablet&#8220; custom_css_main_element_phone=&#8220;display: inherit;||align-items: inherit;&#8220; custom_css_main_element_tablet=&#8220;display: inherit;||align-items: inherit;&#8220;][et_pb_column type=&#8220;4_4&#8243; _builder_version=&#8220;4.25.1&#8243; _module_preset=&#8220;default&#8220; global_colors_info=&#8220;{}&#8220;][et_pb_text _builder_version=&#8220;4.25.2&#8243; _module_preset=&#8220;default&#8220; text_font=&#8220;Manrope|300|||||||&#8220; text_font_size=&#8220;16px&#8220; text_line_height=&#8220;1.6em&#8220; hover_enabled=&#8220;0&#8243; global_colors_info=&#8220;{}&#8220; header_2_font=&#8220;|||on|||||&#8220; sticky_enabled=&#8220;0&#8243;]<\/p>\n<p>In \u00dcbereinstimmung mit Artikel 22.2 des Gesetzes 34\/2002 vom 11. Juli \u00fcber Dienstleistungen der Informationsgesellschaft und des elektronischen Gesch\u00e4ftsverkehrs (LSSI-CE) muss PRATS CONSULTING SL \u00fcber die auf dieser Website verwendeten Cookies und deren Zwecke informieren.<\/p>\n<div class=\"flex flex-grow flex-col max-w-full\">\n<div class=\"min-h-[20px] text-message flex flex-col items-start whitespace-pre-wrap break-words [.text-message+&amp;]:mt-5 juice:w-full juice:items-end overflow-x-auto gap-2\" dir=\"auto\" data-message-author-role=\"assistant\" data-message-id=\"04a06add-6904-4d36-a126-1f3026515e8c\">\n<div class=\"flex w-full flex-col gap-1 juice:empty:hidden juice:first:pt-[3px]\">\n<div class=\"markdown prose w-full break-words dark:prose-invert light\">\n<p>Diese Website verwendet Cookies und\/oder \u00e4hnliche Technologien, die Informationen speichern und abrufen, w\u00e4hrend Sie surfen. Cookies erm\u00f6glichen es einer Website unter anderem, Informationen \u00fcber die Surfgewohnheiten eines Nutzers oder seines Ger\u00e4ts zu speichern und abzurufen und, abh\u00e4ngig von den enthaltenen Informationen und der Art und Weise, wie das Ger\u00e4t genutzt wird, den Nutzer zu erkennen.<\/p>\n<p>Cookies sind f\u00fcr das Funktionieren des Internets unerl\u00e4sslich und bieten zahlreiche Vorteile bei der Bereitstellung interaktiver Dienste, erleichtern dem Nutzer die Navigation und Benutzerfreundlichkeit unserer Website.<\/p>\n<p>Der Nutzer kann die personalisierte Konfiguration <a href=\"#\" rel=\"noreferrer\">HIER<\/a> \u00e4ndern.<\/p>\n<p>Die nachstehenden Informationen helfen Ihnen, die verschiedenen Arten von Cookies zu verstehen:<\/p>\n<h3>COOKIE-TYPEN<\/h3>\n<p><strong>NACH DER VERWALTENDEN ENTIT\u00c4T<\/strong><\/p>\n<p><strong>EIGENE COOKIES<\/strong><br \/>Diese werden an das Endger\u00e4t des Nutzers von einem Ger\u00e4t oder einer Domain gesendet, die vom Herausgeber verwaltet wird und von dem der vom Nutzer angeforderte Dienst bereitgestellt wird.<\/p>\n<p><strong>DRITTANBIETER-COOKIES<\/strong><br \/>Diese werden an das Endger\u00e4t des Nutzers von einem Ger\u00e4t oder einer Domain gesendet, die nicht vom Herausgeber verwaltet wird, sondern von einer anderen Entit\u00e4t, die die durch Cookies erhaltenen Daten verarbeitet.<\/p>\n<p><strong>NACH DER DAUER, DIE SIE AKTIV BLEIBEN<\/strong><\/p>\n<p><strong>SITZUNG-COOKIES<\/strong><br \/>Diese sind darauf ausgelegt, Daten zu sammeln und zu speichern, w\u00e4hrend der Nutzer auf eine Website zugreift. Sie werden normalerweise verwendet, um Informationen zu speichern, die nur f\u00fcr die Bereitstellung des vom Nutzer angeforderten Dienstes bei einer einzigen Gelegenheit von Interesse sind (z.B. eine Liste der gekauften Produkte) und verschwinden am Ende der Sitzung.<\/p>\n<p><strong>PERSISTENTE COOKIES<\/strong><br \/>Diese speichern Daten auf dem Endger\u00e4t und erm\u00f6glichen den Zugriff und die Verarbeitung der Daten f\u00fcr einen vom Verantwortlichen des Cookies definierten Zeitraum, der von einigen Minuten bis zu mehreren Jahren reichen kann.<\/p>\n<p><strong>NACH IHREM ZWECK<\/strong><\/p>\n<p><strong>TECHNISCHE COOKIES<\/strong><br \/>Diese erm\u00f6glichen dem Nutzer die Navigation durch eine Website, Plattform oder Anwendung und die Nutzung der verschiedenen darin vorhandenen Optionen oder Dienste.<\/p>\n<p><strong>PERSONALISIERUNGS-COOKIES<\/strong><br \/>Diese erm\u00f6glichen es, spezifische Merkmale auf die Navigation des Nutzers auf der Website anzuwenden (z.B. Sprache).<\/p>\n<p><strong>ANALYSE-COOKIES<\/strong><br \/>Diese erm\u00f6glichen es dem Verantwortlichen, das Verhalten der Nutzer der mit ihnen verbundenen Websites zu verfolgen und zu analysieren, einschlie\u00dflich der Quantifizierung der Auswirkungen von Anzeigen. Die mit dieser Art von Cookies gesammelten Informationen werden verwendet, um die Aktivit\u00e4t der Websites, Anwendungen oder Plattformen zu messen, um Verbesserungen basierend auf der Analyse der Nutzungsdaten der Nutzer des Dienstes einzuf\u00fchren.<\/p>\n<p><strong>WERBE-COOKIES<\/strong><br \/>Diese erm\u00f6glichen es dem Herausgeber, Werbefl\u00e4chen auf der Website je nach Inhalt der Seite selbst zu inkludieren.<\/p>\n<p><strong>VERHALTENSWERBE-COOKIES<\/strong><br \/>Diese speichern Informationen \u00fcber das Verhalten der Nutzer, die durch die kontinuierliche Beobachtung ihrer Surfgewohnheiten gewonnen werden, was die Entwicklung eines spezifischen Profils erm\u00f6glicht, um Werbung basierend auf diesem zu zeigen.<\/p>\n<p>Zus\u00e4tzlich informiert PRATS CONSULTING SL detaillierter \u00fcber die verwendeten Cookies, deren Eigent\u00fcmer, spezifische Nutzung oder Zweck, Aufbewahrungsfristen sowie m\u00f6gliche internationale Daten\u00fcbertragungen f\u00fcr jedes dieser Cookies auf unserer Website.<\/p>\n<\/div>\n<\/div>\n<\/div>\n<\/div>\n<p>[\/et_pb_text][et_pb_button button_url=&#8220;https:\/\/gcmca.es\/de\/&#8220; button_text=&#8220;NACH HAUSE ZUR\u00dcCKKEHREN&#8220; button_alignment=&#8220;left&#8220; _builder_version=&#8220;4.25.1&#8243; _module_preset=&#8220;default&#8220; custom_button=&#8220;on&#8220; button_text_size=&#8220;14px&#8220; button_text_color=&#8220;#800000&#8243; button_bg_color=&#8220;RGBA(255,255,255,0)&#8220; button_border_width=&#8220;1px&#8220; button_border_color=&#8220;#800000&#8243; button_border_radius=&#8220;0px&#8220; button_font=&#8220;Syne|600||on|||||&#8220; button_use_icon=&#8220;off&#8220; custom_margin=&#8220;0px||0px||false|false&#8220; custom_padding=&#8220;12px|45px|12px|45px|false|true&#8220; animation_style=&#8220;fade&#8220; animation_direction=&#8220;bottom&#8220; animation_duration=&#8220;500ms&#8220; animation_delay=&#8220;1000ms&#8220; animation_speed_curve=&#8220;ease&#8220; global_colors_info=&#8220;{}&#8220; button_text_color__hover_enabled=&#8220;on|hover&#8220; button_text_color__hover=&#8220;#FFFFFF&#8220; button_bg_color__hover_enabled=&#8220;on|desktop&#8220; button_bg_color__hover=&#8220;#800000&#8243; button_bg_enable_color__hover=&#8220;on&#8220; button_letter_spacing__hover_enabled=&#8220;on|hover&#8220; button_letter_spacing__hover=&#8220;0px&#8220; button_border_color__hover_enabled=&#8220;on|hover&#8220; button_border_color__hover=&#8220;#800000&#8243;][\/et_pb_button][\/et_pb_column][\/et_pb_row][\/et_pb_section]<\/p>\n","protected":false},"excerpt":{"rendered":"<p>RECHTLICHCookie-RichtlinieIn \u00dcbereinstimmung mit Artikel 22.2 des Gesetzes 34\/2002 vom 11. Juli \u00fcber Dienstleistungen der Informationsgesellschaft und des elektronischen Gesch\u00e4ftsverkehrs (LSSI-CE) muss PRATS CONSULTING SL \u00fcber die auf dieser Website verwendeten Cookies und deren Zwecke informieren. Diese Website verwendet Cookies und\/oder \u00e4hnliche Technologien, die Informationen speichern und abrufen, w\u00e4hrend Sie surfen. Cookies erm\u00f6glichen es einer Website [&hellip;]<\/p>\n","protected":false},"author":1,"featured_media":0,"parent":0,"menu_order":0,"comment_status":"closed","ping_status":"closed","template":"","meta":{"_et_pb_use_builder":"on","_et_pb_old_content":"","_et_gb_content_width":"","footnotes":""},"class_list":["post-72044","page","type-page","status-publish","hentry"],"yoast_head":"<!-- This site is optimized with the Yoast SEO plugin v27.1.1 - https:\/\/yoast.com\/product\/yoast-seo-wordpress\/ -->\n<title>Cookie-Richtlinie - Global Consulting<\/title>\n<meta name=\"robots\" content=\"index, follow, max-snippet:-1, max-image-preview:large, max-video-preview:-1\" \/>\n<link rel=\"canonical\" href=\"https:\/\/gcmca.es\/de\/cookie-richtlinie\/\" \/>\n<meta property=\"og:locale\" content=\"de_DE\" \/>\n<meta property=\"og:type\" content=\"article\" \/>\n<meta property=\"og:title\" content=\"Cookie-Richtlinie - Global Consulting\" \/>\n<meta property=\"og:description\" content=\"RECHTLICHCookie-RichtlinieIn \u00dcbereinstimmung mit Artikel 22.2 des Gesetzes 34\/2002 vom 11. Juli \u00fcber Dienstleistungen der Informationsgesellschaft und des elektronischen Gesch\u00e4ftsverkehrs (LSSI-CE) muss PRATS CONSULTING SL \u00fcber die auf dieser Website verwendeten Cookies und deren Zwecke informieren. Diese Website verwendet Cookies und\/oder \u00e4hnliche Technologien, die Informationen speichern und abrufen, w\u00e4hrend Sie surfen. Cookies erm\u00f6glichen es einer Website [&hellip;]\" \/>\n<meta property=\"og:url\" content=\"https:\/\/gcmca.es\/de\/cookie-richtlinie\/\" \/>\n<meta property=\"og:site_name\" content=\"Global Consulting\" \/>\n<meta property=\"article:modified_time\" content=\"2024-07-08T11:22:13+00:00\" \/>\n<meta name=\"twitter:card\" content=\"summary_large_image\" \/>\n<meta name=\"twitter:label1\" content=\"Gesch\u00e4tzte Lesezeit\" \/>\n\t<meta name=\"twitter:data1\" content=\"6\u00a0Minuten\" \/>\n<script type=\"application\/ld+json\" class=\"yoast-schema-graph\">{\"@context\":\"https:\/\/schema.org\",\"@graph\":[{\"@type\":\"WebPage\",\"@id\":\"https:\/\/gcmca.es\/de\/cookie-richtlinie\/\",\"url\":\"https:\/\/gcmca.es\/de\/cookie-richtlinie\/\",\"name\":\"Cookie-Richtlinie - Global Consulting\",\"isPartOf\":{\"@id\":\"https:\/\/gcmca.es\/de\/#website\"},\"datePublished\":\"2024-06-06T09:26:45+00:00\",\"dateModified\":\"2024-07-08T11:22:13+00:00\",\"breadcrumb\":{\"@id\":\"https:\/\/gcmca.es\/de\/cookie-richtlinie\/#breadcrumb\"},\"inLanguage\":\"de\",\"potentialAction\":[{\"@type\":\"ReadAction\",\"target\":[\"https:\/\/gcmca.es\/de\/cookie-richtlinie\/\"]}]},{\"@type\":\"BreadcrumbList\",\"@id\":\"https:\/\/gcmca.es\/de\/cookie-richtlinie\/#breadcrumb\",\"itemListElement\":[{\"@type\":\"ListItem\",\"position\":1,\"name\":\"Portada\",\"item\":\"https:\/\/gcmca.es\/de\/\"},{\"@type\":\"ListItem\",\"position\":2,\"name\":\"Cookie-Richtlinie\"}]},{\"@type\":\"WebSite\",\"@id\":\"https:\/\/gcmca.es\/de\/#website\",\"url\":\"https:\/\/gcmca.es\/de\/\",\"name\":\"Global Consulting\",\"description\":\"Servicio de asesor\u00eda multidisciplinar\",\"potentialAction\":[{\"@type\":\"SearchAction\",\"target\":{\"@type\":\"EntryPoint\",\"urlTemplate\":\"https:\/\/gcmca.es\/de\/?s={search_term_string}\"},\"query-input\":{\"@type\":\"PropertyValueSpecification\",\"valueRequired\":true,\"valueName\":\"search_term_string\"}}],\"inLanguage\":\"de\"}]}<\/script>\n<!-- \/ Yoast SEO plugin. -->","yoast_head_json":{"title":"Cookie-Richtlinie - Global Consulting","robots":{"index":"index","follow":"follow","max-snippet":"max-snippet:-1","max-image-preview":"max-image-preview:large","max-video-preview":"max-video-preview:-1"},"canonical":"https:\/\/gcmca.es\/de\/cookie-richtlinie\/","og_locale":"de_DE","og_type":"article","og_title":"Cookie-Richtlinie - Global Consulting","og_description":"RECHTLICHCookie-RichtlinieIn \u00dcbereinstimmung mit Artikel 22.2 des Gesetzes 34\/2002 vom 11. Juli \u00fcber Dienstleistungen der Informationsgesellschaft und des elektronischen Gesch\u00e4ftsverkehrs (LSSI-CE) muss PRATS CONSULTING SL \u00fcber die auf dieser Website verwendeten Cookies und deren Zwecke informieren. Diese Website verwendet Cookies und\/oder \u00e4hnliche Technologien, die Informationen speichern und abrufen, w\u00e4hrend Sie surfen. Cookies erm\u00f6glichen es einer Website [&hellip;]","og_url":"https:\/\/gcmca.es\/de\/cookie-richtlinie\/","og_site_name":"Global Consulting","article_modified_time":"2024-07-08T11:22:13+00:00","twitter_card":"summary_large_image","twitter_misc":{"Gesch\u00e4tzte Lesezeit":"6\u00a0Minuten"},"schema":{"@context":"https:\/\/schema.org","@graph":[{"@type":"WebPage","@id":"https:\/\/gcmca.es\/de\/cookie-richtlinie\/","url":"https:\/\/gcmca.es\/de\/cookie-richtlinie\/","name":"Cookie-Richtlinie - Global Consulting","isPartOf":{"@id":"https:\/\/gcmca.es\/de\/#website"},"datePublished":"2024-06-06T09:26:45+00:00","dateModified":"2024-07-08T11:22:13+00:00","breadcrumb":{"@id":"https:\/\/gcmca.es\/de\/cookie-richtlinie\/#breadcrumb"},"inLanguage":"de","potentialAction":[{"@type":"ReadAction","target":["https:\/\/gcmca.es\/de\/cookie-richtlinie\/"]}]},{"@type":"BreadcrumbList","@id":"https:\/\/gcmca.es\/de\/cookie-richtlinie\/#breadcrumb","itemListElement":[{"@type":"ListItem","position":1,"name":"Portada","item":"https:\/\/gcmca.es\/de\/"},{"@type":"ListItem","position":2,"name":"Cookie-Richtlinie"}]},{"@type":"WebSite","@id":"https:\/\/gcmca.es\/de\/#website","url":"https:\/\/gcmca.es\/de\/","name":"Global Consulting","description":"Servicio de asesor\u00eda multidisciplinar","potentialAction":[{"@type":"SearchAction","target":{"@type":"EntryPoint","urlTemplate":"https:\/\/gcmca.es\/de\/?s={search_term_string}"},"query-input":{"@type":"PropertyValueSpecification","valueRequired":true,"valueName":"search_term_string"}}],"inLanguage":"de"}]}},"_links":{"self":[{"href":"https:\/\/gcmca.es\/de\/wp-json\/wp\/v2\/pages\/72044","targetHints":{"allow":["GET"]}}],"collection":[{"href":"https:\/\/gcmca.es\/de\/wp-json\/wp\/v2\/pages"}],"about":[{"href":"https:\/\/gcmca.es\/de\/wp-json\/wp\/v2\/types\/page"}],"author":[{"embeddable":true,"href":"https:\/\/gcmca.es\/de\/wp-json\/wp\/v2\/users\/1"}],"replies":[{"embeddable":true,"href":"https:\/\/gcmca.es\/de\/wp-json\/wp\/v2\/comments?post=72044"}],"version-history":[{"count":4,"href":"https:\/\/gcmca.es\/de\/wp-json\/wp\/v2\/pages\/72044\/revisions"}],"predecessor-version":[{"id":72098,"href":"https:\/\/gcmca.es\/de\/wp-json\/wp\/v2\/pages\/72044\/revisions\/72098"}],"wp:attachment":[{"href":"https:\/\/gcmca.es\/de\/wp-json\/wp\/v2\/media?parent=72044"}],"curies":[{"name":"wp","href":"https:\/\/api.w.org\/{rel}","templated":true}]}}